{"id":3178,"date":"2026-04-06T12:08:30","date_gmt":"2026-04-06T10:08:30","guid":{"rendered":"https:\/\/naturislab.com\/cookies-politik\/"},"modified":"2026-04-06T12:39:40","modified_gmt":"2026-04-06T10:39:40","slug":"cookies-politik","status":"publish","type":"page","link":"https:\/\/naturislab.com\/de\/cookies-politik\/","title":{"rendered":"Cookies Politik"},"content":{"rendered":"\t\t<div data-elementor-type=\"wp-page\" data-elementor-id=\"3178\" class=\"elementor elementor-3178 elementor-3168\">\n\t\t\t\t<div class=\"elementor-element elementor-element-c1c7094 e-flex e-con-boxed wpr-column-slider-no wpr-equal-height-no e-con e-parent\" data-id=\"c1c7094\" data-element_type=\"container\" data-e-type=\"container\">\n\t\t\t\t\t<div class=\"e-con-inner\">\n\t\t\t\t<div class=\"elementor-element elementor-element-9bbaf89 elementor-widget elementor-widget-html\" data-id=\"9bbaf89\" data-element_type=\"widget\" data-e-type=\"widget\" data-widget_type=\"html.default\">\n\t\t\t\t\t<style>#privacy-policy p {\n        margin-bottom: 10px;\n    }\n    #privacy-policy h1, #privacy-policy h2, #privacy-policy h3 {\n        margin: 30px 0;\n    }\n<\/style>\t\t\t\t<\/div>\n\t\t\t\t<div class=\"elementor-element elementor-element-144cda4 elementor-widget elementor-widget-heading\" data-id=\"144cda4\" data-element_type=\"widget\" data-e-type=\"widget\" data-widget_type=\"heading.default\">\n\t\t\t\t\t<h2 class=\"elementor-heading-title elementor-size-default\">Cookies Politik<\/h2>\t\t\t\t<\/div>\n\t\t\t\t<div class=\"elementor-element elementor-element-e2233eb elementor-widget elementor-widget-html\" data-id=\"e2233eb\" data-element_type=\"widget\" data-e-type=\"widget\" id=\"privacy-policy\" data-widget_type=\"html.default\">\n\t\t\t\t\t<!-- Start CookieYes cookie policy -->\r\n<style>\r\n  a.cky-banner-element {\r\n    padding: 8px 30px;\r\n    background: #f8f9fa;\r\n    color: #858a8f;\r\n    border: 1px solid #dee2e6;\r\n    box-sizing: border-box;\r\n    border-radius: 2px;\r\n    cursor: pointer\r\n  }\r\n<\/style>\r\n<div class=\"cookie-policy-date-container\">\r\n  <p>Datum des Inkrafttretens: April 06, 2026<\/p>\r\n  <p>Zuletzt aktualisiert: April 06, 2026<\/p>\r\n<\/div><h2>Was sind Cookies?<\/h2>\r\n<div class=\"cookie-policy-p\">\r\n  <p>Diese Cookie-Richtlinie erkl\u00e4rt, was Cookies sind, wie wir sie verwenden, welche Arten von Cookies wir verwenden (z.B. die Informationen, die wir bei der Verwendung von Cookies sammeln und wie diese Informationen verwendet werden) und wie Sie Ihre Cookie-Einstellungen verwalten k\u00f6nnen.<\/p>\r\n  <p>Cookies sind kleine Textdateien, die dazu dienen, bestimmte Informationen zu speichern. Sie werden auf Ihrem Ger\u00e4t gespeichert, wenn eine Website in Ihrem Browser geladen wird. Diese Cookies tragen dazu bei, dass die Website ordnungsgem\u00e4\u00df funktioniert, erh\u00f6hen die Sicherheit, bieten ein besseres Benutzererlebnis und analysieren die Leistung, um festzustellen, was gut funktioniert und was verbessert werden muss.  <\/p>\r\n<\/div><h2>Wie verwenden wir Cookies?<\/h2>\r\n<div class=\"cookie-policy-p\">\r\n  <p>Wie die meisten Online-Dienste verwendet auch unsere Website Erstanbieter-Cookies und Drittanbieter-Cookies f\u00fcr verschiedene Zwecke. Erstanbieter-Cookies sind grunds\u00e4tzlich notwendig, damit die Website ordnungsgem\u00e4\u00df funktioniert; sie sammeln keine pers\u00f6nlich identifizierbaren Daten. <\/p>\r\n  <p>Cookies von Drittanbietern, die auf unserer Website verwendet werden, helfen uns in erster Linie dabei, zu verstehen, wie unsere Website reagiert, nachzuverfolgen, wie Sie mit ihr interagieren, unsere Dienste zu sch\u00fctzen, relevante Werbung zu liefern und Ihre allgemeine Benutzererfahrung zu verbessern, w\u00e4hrend wir die Geschwindigkeit Ihrer nachfolgenden Interaktionen auf unserer Website optimieren.<\/p>\r\n<\/div><h2>Arten von Cookies, die wir verwenden<\/h2>\r\n<div class=\"cky-audit-table-element\"><\/div><h2 style=\"margin-bottom: 20px\">Cookie-Einstellungen verwalten<\/h2><a class=\"cky-banner-element\">Pr\u00e4ferenzen f\u00fcr die Zustimmung<\/a><br><div style=\"margin-top: 20px\">\r\n  <p>Sie k\u00f6nnen Ihre Cookie-Einstellungen jederzeit \u00e4ndern, indem Sie oben auf die Schaltfl\u00e4che Zustimmungseinstellungen klicken. So k\u00f6nnen Sie das Cookie-Einwilligungsbanner erneut aufrufen und Ihre Einstellungen aktualisieren oder Ihre Einwilligung sofort zur\u00fcckziehen. <\/p>\r\n  <p>Verschiedene Browser bieten auch verschiedene Methoden zum Blockieren und L\u00f6schen von Cookies, die von Websites verwendet werden. Sie k\u00f6nnen Ihre Browsereinstellungen \u00e4ndern, um Cookies zu blockieren oder zu l\u00f6schen. Nachstehend finden Sie Links zu Hilfedokumenten, die Ihnen zeigen, wie Sie Cookies in den wichtigsten Webbrowsern verwalten und l\u00f6schen k\u00f6nnen.  <\/p>\r\n  <p>Chrom: <a target=\"_blank\" rel=\"noopener noreferrer\" href=\"https:\/\/support.google.com\/accounts\/answer\/32050\">https:\/\/support.google.com\/accounts\/answer\/32050<\/a><\/p>\r\n  <p>Safari: <a target=\"_blank\" rel=\"noopener noreferrer\" href=\"https:\/\/support.apple.com\/en-in\/guide\/safari\/sfri11471\/mac\">https:\/\/support.apple.com\/en-in\/guide\/safari\/sfri11471\/mac<\/a><\/p>\r\n  <p>Firefox: <a target=\"_blank\" rel=\"noopener noreferrer\" href=\"https:\/\/support.mozilla.org\/en-US\/kb\/clear-cookies-and-site-data-firefox?redirectslug=delete-cookies-remove-info-websites-stored&amp;redirectlocale=en-US\">https:\/\/support.mozilla.org\/en-US\/kb\/clear-cookies-and-site-data-firefox?redirectslug=delete-cookies-remove-info-websites-stored&amp;redirectlocale=en-US<\/a><\/p>\r\n  <p>Internet Explorer: <a target=\"_blank\" rel=\"noopener noreferrer\" href=\"https:\/\/support.microsoft.com\/en-us\/topic\/how-to-delete-cookie-files-in-internet-explorer-bca9446f-d873-78de-77ba-d42645fa52fc\">https:\/\/support.microsoft.com\/en-us\/topic\/how-to-delete-cookie-files-in-internet-explorer-bca9446f-d873-78de-77ba-d42645fa52fc<\/a><\/p>\r\n  <p>Wenn Sie einen anderen Webbrowser verwenden, konsultieren Sie bitte die offizielle Hilfedokumentation f\u00fcr diesen Browser.<\/p>\r\n<\/div><p class=\"cookie-policy-p\">  CookieYes hat diese <a target=\"_blank\" rel=\"noopener noreferrer\" href=\"https:\/\/www.cookieyes.com\/?utm_source=CP&amp;utm_medium=footer&amp;utm_campaign=UW\">Cookie-Richtlinie erstellt - Cookie-Richtlinien-Generator<\/a><\/p>\r\n<!-- End CookieYes cookie policy -->\t\t\t\t<\/div>\n\t\t\t\t\t<\/div>\n\t\t\t\t<\/div>\n\t\t\t\t<\/div>\n\t\t","protected":false},"excerpt":{"rendered":"<p>Cookies Politik Datum des Inkrafttretens: April 06, 2026 Zuletzt aktualisiert: April 06, 2026 Was sind Cookies? Diese Cookie-Richtlinie erkl\u00e4rt, was Cookies sind, wie wir sie verwenden, welche Arten von Cookies wir verwenden (z.B. die Informationen, die wir bei der Verwendung von Cookies sammeln und wie diese Informationen verwendet werden) und wie Sie Ihre Cookie-Einstellungen verwalten k\u00f6nnen. Cookies sind kleine Textdateien, die dazu dienen, bestimmte Informationen zu speichern. Sie werden auf Ihrem Ger\u00e4t gespeichert, wenn eine Website in Ihrem Browser geladen wird. Diese Cookies tragen dazu bei, dass die Website ordnungsgem\u00e4\u00df funktioniert, erh\u00f6hen die Sicherheit, bieten ein besseres Benutzererlebnis und analysieren die Leistung, um festzustellen, was gut funktioniert und was verbessert werden muss. Wie verwenden wir Cookies? Wie die meisten Online-Dienste verwendet auch unsere Website Erstanbieter-Cookies und Drittanbieter-Cookies f\u00fcr verschiedene Zwecke. Erstanbieter-Cookies sind grunds\u00e4tzlich notwendig, damit die Website ordnungsgem\u00e4\u00df funktioniert; sie sammeln keine pers\u00f6nlich identifizierbaren Daten. Cookies von Drittanbietern, die auf unserer Website verwendet werden, helfen uns in erster Linie dabei, zu verstehen, wie unsere Website reagiert, nachzuverfolgen, wie Sie mit ihr interagieren, unsere Dienste zu sch\u00fctzen, relevante Werbung zu liefern und Ihre allgemeine Benutzererfahrung zu verbessern, w\u00e4hrend wir die Geschwindigkeit Ihrer nachfolgenden Interaktionen auf unserer Website optimieren. Arten von Cookies, die wir verwenden Cookie-Einstellungen verwalten Pr\u00e4ferenzen f\u00fcr die Zustimmung Sie k\u00f6nnen Ihre Cookie-Einstellungen jederzeit \u00e4ndern, indem Sie oben auf die Schaltfl\u00e4che Zustimmungseinstellungen klicken. So k\u00f6nnen Sie das Cookie-Einwilligungsbanner erneut aufrufen und Ihre Einstellungen aktualisieren oder Ihre Einwilligung sofort zur\u00fcckziehen. Verschiedene Browser bieten auch verschiedene Methoden zum Blockieren und L\u00f6schen von Cookies, die von Websites verwendet werden. Sie k\u00f6nnen Ihre Browsereinstellungen \u00e4ndern, um Cookies zu blockieren oder zu l\u00f6schen. Nachstehend finden Sie Links zu Hilfedokumenten, die Ihnen zeigen, wie Sie Cookies in den wichtigsten Webbrowsern verwalten und l\u00f6schen k\u00f6nnen. Chrom: https:\/\/support.google.com\/accounts\/answer\/32050 Safari: https:\/\/support.apple.com\/en-in\/guide\/safari\/sfri11471\/mac Firefox: https:\/\/support.mozilla.org\/en-US\/kb\/clear-cookies-and-site-data-firefox?redirectslug=delete-cookies-remove-info-websites-stored&amp;redirectlocale=en-US Internet Explorer: https:\/\/support.microsoft.com\/en-us\/topic\/how-to-delete-cookie-files-in-internet-explorer-bca9446f-d873-78de-77ba-d42645fa52fc Wenn Sie einen anderen Webbrowser verwenden, konsultieren Sie bitte die offizielle Hilfedokumentation f\u00fcr diesen Browser. CookieYes hat diese Cookie-Richtlinie erstellt &#8211; Cookie-Richtlinien-Generator<\/p>\n","protected":false},"author":1,"featured_media":0,"parent":0,"menu_order":0,"comment_status":"closed","ping_status":"closed","template":"","meta":{"_acf_changed":false,"footnotes":""},"class_list":["post-3178","page","type-page","status-publish","hentry"],"acf":[],"yoast_head":"<!-- This site is optimized with the Yoast SEO Premium plugin v27.6 (Yoast SEO v27.6) - https:\/\/yoast.com\/product\/yoast-seo-premium-wordpress\/ -->\n<title>Cookies Politik | Naturis Lab<\/title>\n<meta name=\"robots\" content=\"index, follow, max-snippet:-1, max-image-preview:large, max-video-preview:-1\" \/>\n<link rel=\"canonical\" href=\"https:\/\/naturislab.com\/de\/cookies-politik\/\" \/>\n<meta property=\"og:locale\" content=\"de_DE\" \/>\n<meta property=\"og:type\" content=\"article\" \/>\n<meta property=\"og:title\" content=\"Cookies Politik\" \/>\n<meta property=\"og:description\" content=\"Cookies Politik Datum des Inkrafttretens: April 06, 2026 Zuletzt aktualisiert: April 06, 2026 Was sind Cookies? Diese Cookie-Richtlinie erkl\u00e4rt, was Cookies sind, wie wir sie verwenden, welche Arten von Cookies wir verwenden (z.B. die Informationen, die wir bei der Verwendung von Cookies sammeln und wie diese Informationen verwendet werden) und wie Sie Ihre Cookie-Einstellungen verwalten k\u00f6nnen. Cookies sind kleine Textdateien, die dazu dienen, bestimmte Informationen zu speichern. Sie werden auf Ihrem Ger\u00e4t gespeichert, wenn eine Website in Ihrem Browser geladen wird. Diese Cookies tragen dazu bei, dass die Website ordnungsgem\u00e4\u00df funktioniert, erh\u00f6hen die Sicherheit, bieten ein besseres Benutzererlebnis und analysieren die Leistung, um festzustellen, was gut funktioniert und was verbessert werden muss. Wie verwenden wir Cookies? Wie die meisten Online-Dienste verwendet auch unsere Website Erstanbieter-Cookies und Drittanbieter-Cookies f\u00fcr verschiedene Zwecke. Erstanbieter-Cookies sind grunds\u00e4tzlich notwendig, damit die Website ordnungsgem\u00e4\u00df funktioniert; sie sammeln keine pers\u00f6nlich identifizierbaren Daten. Cookies von Drittanbietern, die auf unserer Website verwendet werden, helfen uns in erster Linie dabei, zu verstehen, wie unsere Website reagiert, nachzuverfolgen, wie Sie mit ihr interagieren, unsere Dienste zu sch\u00fctzen, relevante Werbung zu liefern und Ihre allgemeine Benutzererfahrung zu verbessern, w\u00e4hrend wir die Geschwindigkeit Ihrer nachfolgenden Interaktionen auf unserer Website optimieren. Arten von Cookies, die wir verwenden Cookie-Einstellungen verwalten Pr\u00e4ferenzen f\u00fcr die Zustimmung Sie k\u00f6nnen Ihre Cookie-Einstellungen jederzeit \u00e4ndern, indem Sie oben auf die Schaltfl\u00e4che Zustimmungseinstellungen klicken. So k\u00f6nnen Sie das Cookie-Einwilligungsbanner erneut aufrufen und Ihre Einstellungen aktualisieren oder Ihre Einwilligung sofort zur\u00fcckziehen. Verschiedene Browser bieten auch verschiedene Methoden zum Blockieren und L\u00f6schen von Cookies, die von Websites verwendet werden. Sie k\u00f6nnen Ihre Browsereinstellungen \u00e4ndern, um Cookies zu blockieren oder zu l\u00f6schen. Nachstehend finden Sie Links zu Hilfedokumenten, die Ihnen zeigen, wie Sie Cookies in den wichtigsten Webbrowsern verwalten und l\u00f6schen k\u00f6nnen. Chrom: https:\/\/support.google.com\/accounts\/answer\/32050 Safari: https:\/\/support.apple.com\/en-in\/guide\/safari\/sfri11471\/mac Firefox: https:\/\/support.mozilla.org\/en-US\/kb\/clear-cookies-and-site-data-firefox?redirectslug=delete-cookies-remove-info-websites-stored&amp;redirectlocale=en-US Internet Explorer: https:\/\/support.microsoft.com\/en-us\/topic\/how-to-delete-cookie-files-in-internet-explorer-bca9446f-d873-78de-77ba-d42645fa52fc Wenn Sie einen anderen Webbrowser verwenden, konsultieren Sie bitte die offizielle Hilfedokumentation f\u00fcr diesen Browser. CookieYes hat diese Cookie-Richtlinie erstellt &#8211; Cookie-Richtlinien-Generator\" \/>\n<meta property=\"og:url\" content=\"https:\/\/naturislab.com\/de\/cookies-politik\/\" \/>\n<meta property=\"og:site_name\" content=\"Naturis Lab\" \/>\n<meta property=\"article:modified_time\" content=\"2026-04-06T10:39:40+00:00\" \/>\n<meta property=\"og:image\" content=\"https:\/\/naturislab.com\/wp-content\/uploads\/2025\/06\/home.png\" \/>\n\t<meta property=\"og:image:width\" content=\"2000\" \/>\n\t<meta property=\"og:image:height\" content=\"870\" \/>\n\t<meta property=\"og:image:type\" content=\"image\/png\" \/>\n<meta name=\"twitter:card\" content=\"summary_large_image\" \/>\n<meta name=\"twitter:label1\" content=\"Gesch\u00e4tzte Lesezeit\" \/>\n\t<meta name=\"twitter:data1\" content=\"2\u00a0Minuten\" \/>\n<script type=\"application\/ld+json\" class=\"yoast-schema-graph\">{\"@context\":\"https:\\\/\\\/schema.org\",\"@graph\":[{\"@type\":\"WebPage\",\"@id\":\"https:\\\/\\\/naturislab.com\\\/de\\\/cookies-politik\\\/\",\"url\":\"https:\\\/\\\/naturislab.com\\\/de\\\/cookies-politik\\\/\",\"name\":\"Cookies Politik | Naturis Lab\",\"isPartOf\":{\"@id\":\"https:\\\/\\\/naturislab.com\\\/de\\\/#website\"},\"datePublished\":\"2026-04-06T10:08:30+00:00\",\"dateModified\":\"2026-04-06T10:39:40+00:00\",\"breadcrumb\":{\"@id\":\"https:\\\/\\\/naturislab.com\\\/de\\\/cookies-politik\\\/#breadcrumb\"},\"inLanguage\":\"de\",\"potentialAction\":[{\"@type\":\"ReadAction\",\"target\":[\"https:\\\/\\\/naturislab.com\\\/de\\\/cookies-politik\\\/\"]}]},{\"@type\":\"BreadcrumbList\",\"@id\":\"https:\\\/\\\/naturislab.com\\\/de\\\/cookies-politik\\\/#breadcrumb\",\"itemListElement\":[{\"@type\":\"ListItem\",\"position\":1,\"name\":\"Portada\",\"item\":\"https:\\\/\\\/naturislab.com\\\/de\\\/startseite\\\/\"},{\"@type\":\"ListItem\",\"position\":2,\"name\":\"Cookies Politik\"}]},{\"@type\":\"WebSite\",\"@id\":\"https:\\\/\\\/naturislab.com\\\/de\\\/#website\",\"url\":\"https:\\\/\\\/naturislab.com\\\/de\\\/\",\"name\":\"Naturis Lab\",\"description\":\"\",\"publisher\":{\"@id\":\"https:\\\/\\\/naturislab.com\\\/de\\\/#organization\"},\"potentialAction\":[{\"@type\":\"SearchAction\",\"target\":{\"@type\":\"EntryPoint\",\"urlTemplate\":\"https:\\\/\\\/naturislab.com\\\/de\\\/?s={search_term_string}\"},\"query-input\":{\"@type\":\"PropertyValueSpecification\",\"valueRequired\":true,\"valueName\":\"search_term_string\"}}],\"inLanguage\":\"de\"},{\"@type\":\"Organization\",\"@id\":\"https:\\\/\\\/naturislab.com\\\/de\\\/#organization\",\"name\":\"Naturis Labor\",\"url\":\"https:\\\/\\\/naturislab.com\\\/de\\\/\",\"logo\":{\"@type\":\"ImageObject\",\"inLanguage\":\"de\",\"@id\":\"https:\\\/\\\/naturislab.com\\\/de\\\/#\\\/schema\\\/logo\\\/image\\\/\",\"url\":\"https:\\\/\\\/naturislab.com\\\/wp-content\\\/uploads\\\/2025\\\/05\\\/logo-naturis-lab.png\",\"contentUrl\":\"https:\\\/\\\/naturislab.com\\\/wp-content\\\/uploads\\\/2025\\\/05\\\/logo-naturis-lab.png\",\"width\":166,\"height\":221,\"caption\":\"Naturis Labor\"},\"image\":{\"@id\":\"https:\\\/\\\/naturislab.com\\\/de\\\/#\\\/schema\\\/logo\\\/image\\\/\"}}]}<\/script>\n<!-- \/ Yoast SEO Premium plugin. -->","yoast_head_json":{"title":"Cookies Politik | Naturis Lab","robots":{"index":"index","follow":"follow","max-snippet":"max-snippet:-1","max-image-preview":"max-image-preview:large","max-video-preview":"max-video-preview:-1"},"canonical":"https:\/\/naturislab.com\/de\/cookies-politik\/","og_locale":"de_DE","og_type":"article","og_title":"Cookies Politik","og_description":"Cookies Politik Datum des Inkrafttretens: April 06, 2026 Zuletzt aktualisiert: April 06, 2026 Was sind Cookies? Diese Cookie-Richtlinie erkl\u00e4rt, was Cookies sind, wie wir sie verwenden, welche Arten von Cookies wir verwenden (z.B. die Informationen, die wir bei der Verwendung von Cookies sammeln und wie diese Informationen verwendet werden) und wie Sie Ihre Cookie-Einstellungen verwalten k\u00f6nnen. Cookies sind kleine Textdateien, die dazu dienen, bestimmte Informationen zu speichern. Sie werden auf Ihrem Ger\u00e4t gespeichert, wenn eine Website in Ihrem Browser geladen wird. Diese Cookies tragen dazu bei, dass die Website ordnungsgem\u00e4\u00df funktioniert, erh\u00f6hen die Sicherheit, bieten ein besseres Benutzererlebnis und analysieren die Leistung, um festzustellen, was gut funktioniert und was verbessert werden muss. Wie verwenden wir Cookies? Wie die meisten Online-Dienste verwendet auch unsere Website Erstanbieter-Cookies und Drittanbieter-Cookies f\u00fcr verschiedene Zwecke. Erstanbieter-Cookies sind grunds\u00e4tzlich notwendig, damit die Website ordnungsgem\u00e4\u00df funktioniert; sie sammeln keine pers\u00f6nlich identifizierbaren Daten. Cookies von Drittanbietern, die auf unserer Website verwendet werden, helfen uns in erster Linie dabei, zu verstehen, wie unsere Website reagiert, nachzuverfolgen, wie Sie mit ihr interagieren, unsere Dienste zu sch\u00fctzen, relevante Werbung zu liefern und Ihre allgemeine Benutzererfahrung zu verbessern, w\u00e4hrend wir die Geschwindigkeit Ihrer nachfolgenden Interaktionen auf unserer Website optimieren. Arten von Cookies, die wir verwenden Cookie-Einstellungen verwalten Pr\u00e4ferenzen f\u00fcr die Zustimmung Sie k\u00f6nnen Ihre Cookie-Einstellungen jederzeit \u00e4ndern, indem Sie oben auf die Schaltfl\u00e4che Zustimmungseinstellungen klicken. So k\u00f6nnen Sie das Cookie-Einwilligungsbanner erneut aufrufen und Ihre Einstellungen aktualisieren oder Ihre Einwilligung sofort zur\u00fcckziehen. Verschiedene Browser bieten auch verschiedene Methoden zum Blockieren und L\u00f6schen von Cookies, die von Websites verwendet werden. Sie k\u00f6nnen Ihre Browsereinstellungen \u00e4ndern, um Cookies zu blockieren oder zu l\u00f6schen. Nachstehend finden Sie Links zu Hilfedokumenten, die Ihnen zeigen, wie Sie Cookies in den wichtigsten Webbrowsern verwalten und l\u00f6schen k\u00f6nnen. Chrom: https:\/\/support.google.com\/accounts\/answer\/32050 Safari: https:\/\/support.apple.com\/en-in\/guide\/safari\/sfri11471\/mac Firefox: https:\/\/support.mozilla.org\/en-US\/kb\/clear-cookies-and-site-data-firefox?redirectslug=delete-cookies-remove-info-websites-stored&amp;redirectlocale=en-US Internet Explorer: https:\/\/support.microsoft.com\/en-us\/topic\/how-to-delete-cookie-files-in-internet-explorer-bca9446f-d873-78de-77ba-d42645fa52fc Wenn Sie einen anderen Webbrowser verwenden, konsultieren Sie bitte die offizielle Hilfedokumentation f\u00fcr diesen Browser. CookieYes hat diese Cookie-Richtlinie erstellt &#8211; Cookie-Richtlinien-Generator","og_url":"https:\/\/naturislab.com\/de\/cookies-politik\/","og_site_name":"Naturis Lab","article_modified_time":"2026-04-06T10:39:40+00:00","og_image":[{"width":2000,"height":870,"url":"https:\/\/naturislab.com\/wp-content\/uploads\/2025\/06\/home.png","type":"image\/png"}],"twitter_card":"summary_large_image","twitter_misc":{"Gesch\u00e4tzte Lesezeit":"2\u00a0Minuten"},"schema":{"@context":"https:\/\/schema.org","@graph":[{"@type":"WebPage","@id":"https:\/\/naturislab.com\/de\/cookies-politik\/","url":"https:\/\/naturislab.com\/de\/cookies-politik\/","name":"Cookies Politik | Naturis Lab","isPartOf":{"@id":"https:\/\/naturislab.com\/de\/#website"},"datePublished":"2026-04-06T10:08:30+00:00","dateModified":"2026-04-06T10:39:40+00:00","breadcrumb":{"@id":"https:\/\/naturislab.com\/de\/cookies-politik\/#breadcrumb"},"inLanguage":"de","potentialAction":[{"@type":"ReadAction","target":["https:\/\/naturislab.com\/de\/cookies-politik\/"]}]},{"@type":"BreadcrumbList","@id":"https:\/\/naturislab.com\/de\/cookies-politik\/#breadcrumb","itemListElement":[{"@type":"ListItem","position":1,"name":"Portada","item":"https:\/\/naturislab.com\/de\/startseite\/"},{"@type":"ListItem","position":2,"name":"Cookies Politik"}]},{"@type":"WebSite","@id":"https:\/\/naturislab.com\/de\/#website","url":"https:\/\/naturislab.com\/de\/","name":"Naturis Lab","description":"","publisher":{"@id":"https:\/\/naturislab.com\/de\/#organization"},"potentialAction":[{"@type":"SearchAction","target":{"@type":"EntryPoint","urlTemplate":"https:\/\/naturislab.com\/de\/?s={search_term_string}"},"query-input":{"@type":"PropertyValueSpecification","valueRequired":true,"valueName":"search_term_string"}}],"inLanguage":"de"},{"@type":"Organization","@id":"https:\/\/naturislab.com\/de\/#organization","name":"Naturis Labor","url":"https:\/\/naturislab.com\/de\/","logo":{"@type":"ImageObject","inLanguage":"de","@id":"https:\/\/naturislab.com\/de\/#\/schema\/logo\/image\/","url":"https:\/\/naturislab.com\/wp-content\/uploads\/2025\/05\/logo-naturis-lab.png","contentUrl":"https:\/\/naturislab.com\/wp-content\/uploads\/2025\/05\/logo-naturis-lab.png","width":166,"height":221,"caption":"Naturis Labor"},"image":{"@id":"https:\/\/naturislab.com\/de\/#\/schema\/logo\/image\/"}}]}},"_links":{"self":[{"href":"https:\/\/naturislab.com\/de\/wp-json\/wp\/v2\/pages\/3178","targetHints":{"allow":["GET"]}}],"collection":[{"href":"https:\/\/naturislab.com\/de\/wp-json\/wp\/v2\/pages"}],"about":[{"href":"https:\/\/naturislab.com\/de\/wp-json\/wp\/v2\/types\/page"}],"author":[{"embeddable":true,"href":"https:\/\/naturislab.com\/de\/wp-json\/wp\/v2\/users\/1"}],"replies":[{"embeddable":true,"href":"https:\/\/naturislab.com\/de\/wp-json\/wp\/v2\/comments?post=3178"}],"version-history":[{"count":5,"href":"https:\/\/naturislab.com\/de\/wp-json\/wp\/v2\/pages\/3178\/revisions"}],"predecessor-version":[{"id":3277,"href":"https:\/\/naturislab.com\/de\/wp-json\/wp\/v2\/pages\/3178\/revisions\/3277"}],"wp:attachment":[{"href":"https:\/\/naturislab.com\/de\/wp-json\/wp\/v2\/media?parent=3178"}],"curies":[{"name":"wp","href":"https:\/\/api.w.org\/{rel}","templated":true}]}}