{"id":3174,"date":"2026-04-06T12:08:30","date_gmt":"2026-04-06T10:08:30","guid":{"rendered":"https:\/\/naturislab.com\/politique-en-matiere-de-cookies\/"},"modified":"2026-04-06T12:39:42","modified_gmt":"2026-04-06T10:39:42","slug":"politique-en-matiere-de-cookies","status":"publish","type":"page","link":"https:\/\/naturislab.com\/fr\/politique-en-matiere-de-cookies\/","title":{"rendered":"Politique en mati\u00e8re de cookies"},"content":{"rendered":"\t\t<div data-elementor-type=\"wp-page\" data-elementor-id=\"3174\" class=\"elementor elementor-3174 elementor-3168\">\n\t\t\t\t<div class=\"elementor-element elementor-element-c1c7094 e-flex e-con-boxed wpr-column-slider-no wpr-equal-height-no e-con e-parent\" data-id=\"c1c7094\" data-element_type=\"container\" data-e-type=\"container\">\n\t\t\t\t\t<div class=\"e-con-inner\">\n\t\t\t\t<div class=\"elementor-element elementor-element-9bbaf89 elementor-widget elementor-widget-html\" data-id=\"9bbaf89\" data-element_type=\"widget\" data-e-type=\"widget\" data-widget_type=\"html.default\">\n\t\t\t\t\t<style>#privacy-policy p {\n        margin-bottom: 10px;\n    }\n    #privacy-policy h1, #privacy-policy h2, #privacy-policy h3 {\n        margin: 30px 0;\n    }\n<\/style>\t\t\t\t<\/div>\n\t\t\t\t<div class=\"elementor-element elementor-element-144cda4 elementor-widget elementor-widget-heading\" data-id=\"144cda4\" data-element_type=\"widget\" data-e-type=\"widget\" data-widget_type=\"heading.default\">\n\t\t\t\t\t<h2 class=\"elementor-heading-title elementor-size-default\">Politique en mati\u00e8re de cookies<\/h2>\t\t\t\t<\/div>\n\t\t\t\t<div class=\"elementor-element elementor-element-e2233eb elementor-widget elementor-widget-html\" data-id=\"e2233eb\" data-element_type=\"widget\" data-e-type=\"widget\" id=\"privacy-policy\" data-widget_type=\"html.default\">\n\t\t\t\t\t<!-- Start CookieYes cookie policy -->\r\n<style>\r\n  a.cky-banner-element {\r\n    padding: 8px 30px;\r\n    background: #f8f9fa;\r\n    color: #858a8f;\r\n    border: 1px solid #dee2e6;\r\n    box-sizing: border-box;\r\n    border-radius: 2px;\r\n    cursor: pointer\r\n  }\r\n<\/style>\r\n<div class=\"cookie-policy-date-container\">\r\n  <p>Date d'entr\u00e9e en vigueur : 06 avril 2026<\/p>\r\n  <p>Derni\u00e8re mise \u00e0 jour : 06 avril 2026<\/p>\r\n<\/div><h2>Qu'est-ce qu'un biscuit ?<\/h2>\r\n<div class=\"cookie-policy-p\">\r\n  <p>La pr\u00e9sente politique en mati\u00e8re de cookies explique ce que sont les cookies, comment nous les utilisons, les types de cookies que nous utilisons (par exemple, les informations que nous recueillons lors de l'utilisation de cookies et la mani\u00e8re dont ces informations sont utilis\u00e9es) et comment g\u00e9rer vos param\u00e8tres en mati\u00e8re de cookies.<\/p>\r\n  <p>Les cookies sont de petits fichiers texte utilis\u00e9s pour stocker certains \u00e9l\u00e9ments d'information. Ils sont stock\u00e9s sur votre appareil lorsqu'un site web est charg\u00e9 dans votre navigateur. Ces cookies permettent de garantir le bon fonctionnement du site web, de renforcer la s\u00e9curit\u00e9, d'offrir une meilleure exp\u00e9rience \u00e0 l'utilisateur et d'analyser les performances afin d'identifier ce qui fonctionne bien et ce qui doit \u00eatre am\u00e9lior\u00e9.  <\/p>\r\n<\/div><h2>Comment utilisons-nous les cookies ?<\/h2>\r\n<div class=\"cookie-policy-p\">\r\n  <p>Comme la plupart des services en ligne, notre site web utilise des cookies de premi\u00e8re partie et des cookies de tierce partie \u00e0 diverses fins. Les cookies de premi\u00e8re partie sont essentiellement n\u00e9cessaires au bon fonctionnement du site web ; ils ne collectent aucune donn\u00e9e personnelle identifiable. <\/p>\r\n  <p>Les cookies tiers utilis\u00e9s sur notre site web nous aident principalement \u00e0 comprendre comment notre site web r\u00e9agit, \u00e0 suivre la fa\u00e7on dont vous interagissez avec lui, \u00e0 prot\u00e9ger nos services, \u00e0 fournir des publicit\u00e9s pertinentes et \u00e0 am\u00e9liorer votre exp\u00e9rience utilisateur globale, tout en optimisant la vitesse de vos interactions ult\u00e9rieures sur notre site web.<\/p>\r\n<\/div><h2>Types de cookies que nous utilisons<\/h2>\r\n<div class=\"cky-audit-table-element\"><\/div><h2 style=\"margin-bottom: 20px\">G\u00e9rer les pr\u00e9f\u00e9rences en mati\u00e8re de cookies<\/h2><a class=\"cky-banner-element\">Pr\u00e9f\u00e9rences en mati\u00e8re de consentement<\/a><br><div style=\"margin-top: 20px\">\r\n  <p>Vous pouvez modifier vos param\u00e8tres en mati\u00e8re de cookies \u00e0 tout moment en cliquant sur le bouton \"Consent Preferences\" (pr\u00e9f\u00e9rences en mati\u00e8re de consentement) en haut de la page. Cela vous permettra de revenir sur la banni\u00e8re de consentement aux cookies et de mettre \u00e0 jour vos pr\u00e9f\u00e9rences ou de retirer votre consentement imm\u00e9diatement. <\/p>\r\n  <p>Les diff\u00e9rents navigateurs proposent \u00e9galement diverses m\u00e9thodes pour bloquer et supprimer les cookies utilis\u00e9s par les sites web. Vous pouvez modifier les param\u00e8tres de votre navigateur pour bloquer ou supprimer les cookies. Vous trouverez ci-dessous des liens vers des documents d'aide sur la gestion et la suppression des cookies dans les principaux navigateurs web.  <\/p>\r\n  <p>Chrome <a target=\"_blank\" rel=\"noopener noreferrer\" href=\"https:\/\/support.google.com\/accounts\/answer\/32050\">: https:\/\/support.google.com\/accounts\/answer\/32050<\/a><\/p>\r\n  <p>Safari <a target=\"_blank\" rel=\"noopener noreferrer\" href=\"https:\/\/support.apple.com\/en-in\/guide\/safari\/sfri11471\/mac\">: https:\/\/support.apple.com\/en-in\/guide\/safari\/sfri11471\/mac<\/a><\/p>\r\n  <p>Firefox <a target=\"_blank\" rel=\"noopener noreferrer\" href=\"https:\/\/support.mozilla.org\/en-US\/kb\/clear-cookies-and-site-data-firefox?redirectslug=delete-cookies-remove-info-websites-stored&amp;redirectlocale=en-US\">: https:\/\/support.mozilla.org\/en-US\/kb\/clear-cookies-and-site-data-firefox?redirectslug=delete-cookies-remove-info-websites-stored&amp;redirectlocale=en-US<\/a><\/p>\r\n  <p>Internet Explorer <a target=\"_blank\" rel=\"noopener noreferrer\" href=\"https:\/\/support.microsoft.com\/en-us\/topic\/how-to-delete-cookie-files-in-internet-explorer-bca9446f-d873-78de-77ba-d42645fa52fc\">: https:\/\/support.microsoft.com\/en-us\/topic\/how-to-delete-cookie-files-in-internet-explorer-bca9446f-d873-78de-77ba-d42645fa52fc<\/a><\/p>\r\n  <p>Si vous utilisez un autre navigateur web, veuillez consulter la documentation d'aide officielle de ce navigateur.<\/p>\r\n<\/div><p class=\"cookie-policy-p\">  CookieYes a cr\u00e9\u00e9 cette politique de <a target=\"_blank\" rel=\"noopener noreferrer\" href=\"https:\/\/www.cookieyes.com\/?utm_source=CP&amp;utm_medium=footer&amp;utm_campaign=UW\">cookies - g\u00e9n\u00e9rateur de politique de cookies<\/a><\/p>\r\n<!-- End CookieYes cookie policy -->\t\t\t\t<\/div>\n\t\t\t\t\t<\/div>\n\t\t\t\t<\/div>\n\t\t\t\t<\/div>\n\t\t","protected":false},"excerpt":{"rendered":"<p>Politique en mati\u00e8re de cookies Date d&#8217;entr\u00e9e en vigueur : 06 avril 2026 Derni\u00e8re mise \u00e0 jour : 06 avril 2026 Qu&#8217;est-ce qu&#8217;un biscuit ? La pr\u00e9sente politique en mati\u00e8re de cookies explique ce que sont les cookies, comment nous les utilisons, les types de cookies que nous utilisons (par exemple, les informations que nous recueillons lors de l&#8217;utilisation de cookies et la mani\u00e8re dont ces informations sont utilis\u00e9es) et comment g\u00e9rer vos param\u00e8tres en mati\u00e8re de cookies. Les cookies sont de petits fichiers texte utilis\u00e9s pour stocker certains \u00e9l\u00e9ments d&#8217;information. Ils sont stock\u00e9s sur votre appareil lorsqu&#8217;un site web est charg\u00e9 dans votre navigateur. Ces cookies permettent de garantir le bon fonctionnement du site web, de renforcer la s\u00e9curit\u00e9, d&#8217;offrir une meilleure exp\u00e9rience \u00e0 l&#8217;utilisateur et d&#8217;analyser les performances afin d&#8217;identifier ce qui fonctionne bien et ce qui doit \u00eatre am\u00e9lior\u00e9. Comment utilisons-nous les cookies ? Comme la plupart des services en ligne, notre site web utilise des cookies de premi\u00e8re partie et des cookies de tierce partie \u00e0 diverses fins. Les cookies de premi\u00e8re partie sont essentiellement n\u00e9cessaires au bon fonctionnement du site web ; ils ne collectent aucune donn\u00e9e personnelle identifiable. Les cookies tiers utilis\u00e9s sur notre site web nous aident principalement \u00e0 comprendre comment notre site web r\u00e9agit, \u00e0 suivre la fa\u00e7on dont vous interagissez avec lui, \u00e0 prot\u00e9ger nos services, \u00e0 fournir des publicit\u00e9s pertinentes et \u00e0 am\u00e9liorer votre exp\u00e9rience utilisateur globale, tout en optimisant la vitesse de vos interactions ult\u00e9rieures sur notre site web. Types de cookies que nous utilisons G\u00e9rer les pr\u00e9f\u00e9rences en mati\u00e8re de cookies Pr\u00e9f\u00e9rences en mati\u00e8re de consentement Vous pouvez modifier vos param\u00e8tres en mati\u00e8re de cookies \u00e0 tout moment en cliquant sur le bouton &#8220;Consent Preferences&#8221; (pr\u00e9f\u00e9rences en mati\u00e8re de consentement) en haut de la page. Cela vous permettra de revenir sur la banni\u00e8re de consentement aux cookies et de mettre \u00e0 jour vos pr\u00e9f\u00e9rences ou de retirer votre consentement imm\u00e9diatement. Les diff\u00e9rents navigateurs proposent \u00e9galement diverses m\u00e9thodes pour bloquer et supprimer les cookies utilis\u00e9s par les sites web. Vous pouvez modifier les param\u00e8tres de votre navigateur pour bloquer ou supprimer les cookies. Vous trouverez ci-dessous des liens vers des documents d&#8217;aide sur la gestion et la suppression des cookies dans les principaux navigateurs web. Chrome : https:\/\/support.google.com\/accounts\/answer\/32050 Safari : https:\/\/support.apple.com\/en-in\/guide\/safari\/sfri11471\/mac Firefox : https:\/\/support.mozilla.org\/en-US\/kb\/clear-cookies-and-site-data-firefox?redirectslug=delete-cookies-remove-info-websites-stored&amp;redirectlocale=en-US Internet Explorer : https:\/\/support.microsoft.com\/en-us\/topic\/how-to-delete-cookie-files-in-internet-explorer-bca9446f-d873-78de-77ba-d42645fa52fc Si vous utilisez un autre navigateur web, veuillez consulter la documentation d&#8217;aide officielle de ce navigateur. CookieYes a cr\u00e9\u00e9 cette politique de cookies &#8211; g\u00e9n\u00e9rateur de politique de cookies<\/p>\n","protected":false},"author":1,"featured_media":0,"parent":0,"menu_order":0,"comment_status":"closed","ping_status":"closed","template":"","meta":{"_acf_changed":false,"footnotes":""},"class_list":["post-3174","page","type-page","status-publish","hentry"],"acf":[],"yoast_head":"<!-- This site is optimized with the Yoast SEO Premium plugin v27.6 (Yoast SEO v27.6) - https:\/\/yoast.com\/product\/yoast-seo-premium-wordpress\/ -->\n<title>Politique en mati\u00e8re de cookies | Naturis Lab<\/title>\n<meta name=\"robots\" content=\"index, follow, max-snippet:-1, max-image-preview:large, max-video-preview:-1\" \/>\n<link rel=\"canonical\" href=\"https:\/\/naturislab.com\/fr\/politique-en-matiere-de-cookies\/\" \/>\n<meta property=\"og:locale\" content=\"fr_FR\" \/>\n<meta property=\"og:type\" content=\"article\" \/>\n<meta property=\"og:title\" content=\"Politique en mati\u00e8re de cookies\" \/>\n<meta property=\"og:description\" content=\"Politique en mati\u00e8re de cookies Date d&#8217;entr\u00e9e en vigueur : 06 avril 2026 Derni\u00e8re mise \u00e0 jour : 06 avril 2026 Qu&#8217;est-ce qu&#8217;un biscuit ? La pr\u00e9sente politique en mati\u00e8re de cookies explique ce que sont les cookies, comment nous les utilisons, les types de cookies que nous utilisons (par exemple, les informations que nous recueillons lors de l&#8217;utilisation de cookies et la mani\u00e8re dont ces informations sont utilis\u00e9es) et comment g\u00e9rer vos param\u00e8tres en mati\u00e8re de cookies. Les cookies sont de petits fichiers texte utilis\u00e9s pour stocker certains \u00e9l\u00e9ments d&#8217;information. Ils sont stock\u00e9s sur votre appareil lorsqu&#8217;un site web est charg\u00e9 dans votre navigateur. Ces cookies permettent de garantir le bon fonctionnement du site web, de renforcer la s\u00e9curit\u00e9, d&#8217;offrir une meilleure exp\u00e9rience \u00e0 l&#8217;utilisateur et d&#8217;analyser les performances afin d&#8217;identifier ce qui fonctionne bien et ce qui doit \u00eatre am\u00e9lior\u00e9. Comment utilisons-nous les cookies ? Comme la plupart des services en ligne, notre site web utilise des cookies de premi\u00e8re partie et des cookies de tierce partie \u00e0 diverses fins. Les cookies de premi\u00e8re partie sont essentiellement n\u00e9cessaires au bon fonctionnement du site web ; ils ne collectent aucune donn\u00e9e personnelle identifiable. Les cookies tiers utilis\u00e9s sur notre site web nous aident principalement \u00e0 comprendre comment notre site web r\u00e9agit, \u00e0 suivre la fa\u00e7on dont vous interagissez avec lui, \u00e0 prot\u00e9ger nos services, \u00e0 fournir des publicit\u00e9s pertinentes et \u00e0 am\u00e9liorer votre exp\u00e9rience utilisateur globale, tout en optimisant la vitesse de vos interactions ult\u00e9rieures sur notre site web. Types de cookies que nous utilisons G\u00e9rer les pr\u00e9f\u00e9rences en mati\u00e8re de cookies Pr\u00e9f\u00e9rences en mati\u00e8re de consentement Vous pouvez modifier vos param\u00e8tres en mati\u00e8re de cookies \u00e0 tout moment en cliquant sur le bouton &#8220;Consent Preferences&#8221; (pr\u00e9f\u00e9rences en mati\u00e8re de consentement) en haut de la page. Cela vous permettra de revenir sur la banni\u00e8re de consentement aux cookies et de mettre \u00e0 jour vos pr\u00e9f\u00e9rences ou de retirer votre consentement imm\u00e9diatement. Les diff\u00e9rents navigateurs proposent \u00e9galement diverses m\u00e9thodes pour bloquer et supprimer les cookies utilis\u00e9s par les sites web. Vous pouvez modifier les param\u00e8tres de votre navigateur pour bloquer ou supprimer les cookies. Vous trouverez ci-dessous des liens vers des documents d&#8217;aide sur la gestion et la suppression des cookies dans les principaux navigateurs web. Chrome : https:\/\/support.google.com\/accounts\/answer\/32050 Safari : https:\/\/support.apple.com\/en-in\/guide\/safari\/sfri11471\/mac Firefox : https:\/\/support.mozilla.org\/en-US\/kb\/clear-cookies-and-site-data-firefox?redirectslug=delete-cookies-remove-info-websites-stored&amp;redirectlocale=en-US Internet Explorer : https:\/\/support.microsoft.com\/en-us\/topic\/how-to-delete-cookie-files-in-internet-explorer-bca9446f-d873-78de-77ba-d42645fa52fc Si vous utilisez un autre navigateur web, veuillez consulter la documentation d&#8217;aide officielle de ce navigateur. CookieYes a cr\u00e9\u00e9 cette politique de cookies &#8211; g\u00e9n\u00e9rateur de politique de cookies\" \/>\n<meta property=\"og:url\" content=\"https:\/\/naturislab.com\/fr\/politique-en-matiere-de-cookies\/\" \/>\n<meta property=\"og:site_name\" content=\"Naturis Lab\" \/>\n<meta property=\"article:modified_time\" content=\"2026-04-06T10:39:42+00:00\" \/>\n<meta property=\"og:image\" content=\"https:\/\/naturislab.com\/wp-content\/uploads\/2025\/06\/home.png\" \/>\n\t<meta property=\"og:image:width\" content=\"2000\" \/>\n\t<meta property=\"og:image:height\" content=\"870\" \/>\n\t<meta property=\"og:image:type\" content=\"image\/png\" \/>\n<meta name=\"twitter:card\" content=\"summary_large_image\" \/>\n<meta name=\"twitter:label1\" content=\"Dur\u00e9e de lecture estim\u00e9e\" \/>\n\t<meta name=\"twitter:data1\" content=\"2 minutes\" \/>\n<script type=\"application\/ld+json\" class=\"yoast-schema-graph\">{\"@context\":\"https:\\\/\\\/schema.org\",\"@graph\":[{\"@type\":\"WebPage\",\"@id\":\"https:\\\/\\\/naturislab.com\\\/fr\\\/politique-en-matiere-de-cookies\\\/\",\"url\":\"https:\\\/\\\/naturislab.com\\\/fr\\\/politique-en-matiere-de-cookies\\\/\",\"name\":\"Politique en mati\u00e8re de cookies | Naturis Lab\",\"isPartOf\":{\"@id\":\"https:\\\/\\\/naturislab.com\\\/fr\\\/#website\"},\"datePublished\":\"2026-04-06T10:08:30+00:00\",\"dateModified\":\"2026-04-06T10:39:42+00:00\",\"breadcrumb\":{\"@id\":\"https:\\\/\\\/naturislab.com\\\/fr\\\/politique-en-matiere-de-cookies\\\/#breadcrumb\"},\"inLanguage\":\"fr-FR\",\"potentialAction\":[{\"@type\":\"ReadAction\",\"target\":[\"https:\\\/\\\/naturislab.com\\\/fr\\\/politique-en-matiere-de-cookies\\\/\"]}]},{\"@type\":\"BreadcrumbList\",\"@id\":\"https:\\\/\\\/naturislab.com\\\/fr\\\/politique-en-matiere-de-cookies\\\/#breadcrumb\",\"itemListElement\":[{\"@type\":\"ListItem\",\"position\":1,\"name\":\"Portada\",\"item\":\"https:\\\/\\\/naturislab.com\\\/fr\\\/accueil\\\/\"},{\"@type\":\"ListItem\",\"position\":2,\"name\":\"Politique en mati\u00e8re de cookies\"}]},{\"@type\":\"WebSite\",\"@id\":\"https:\\\/\\\/naturislab.com\\\/fr\\\/#website\",\"url\":\"https:\\\/\\\/naturislab.com\\\/fr\\\/\",\"name\":\"Naturis Lab\",\"description\":\"\",\"publisher\":{\"@id\":\"https:\\\/\\\/naturislab.com\\\/fr\\\/#organization\"},\"potentialAction\":[{\"@type\":\"SearchAction\",\"target\":{\"@type\":\"EntryPoint\",\"urlTemplate\":\"https:\\\/\\\/naturislab.com\\\/fr\\\/?s={search_term_string}\"},\"query-input\":{\"@type\":\"PropertyValueSpecification\",\"valueRequired\":true,\"valueName\":\"search_term_string\"}}],\"inLanguage\":\"fr-FR\"},{\"@type\":\"Organization\",\"@id\":\"https:\\\/\\\/naturislab.com\\\/fr\\\/#organization\",\"name\":\"Laboratoire Naturis\",\"url\":\"https:\\\/\\\/naturislab.com\\\/fr\\\/\",\"logo\":{\"@type\":\"ImageObject\",\"inLanguage\":\"fr-FR\",\"@id\":\"https:\\\/\\\/naturislab.com\\\/fr\\\/#\\\/schema\\\/logo\\\/image\\\/\",\"url\":\"https:\\\/\\\/naturislab.com\\\/wp-content\\\/uploads\\\/2025\\\/05\\\/logo-naturis-lab.png\",\"contentUrl\":\"https:\\\/\\\/naturislab.com\\\/wp-content\\\/uploads\\\/2025\\\/05\\\/logo-naturis-lab.png\",\"width\":166,\"height\":221,\"caption\":\"Laboratoire Naturis\"},\"image\":{\"@id\":\"https:\\\/\\\/naturislab.com\\\/fr\\\/#\\\/schema\\\/logo\\\/image\\\/\"}}]}<\/script>\n<!-- \/ Yoast SEO Premium plugin. -->","yoast_head_json":{"title":"Politique en mati\u00e8re de cookies | Naturis Lab","robots":{"index":"index","follow":"follow","max-snippet":"max-snippet:-1","max-image-preview":"max-image-preview:large","max-video-preview":"max-video-preview:-1"},"canonical":"https:\/\/naturislab.com\/fr\/politique-en-matiere-de-cookies\/","og_locale":"fr_FR","og_type":"article","og_title":"Politique en mati\u00e8re de cookies","og_description":"Politique en mati\u00e8re de cookies Date d&#8217;entr\u00e9e en vigueur : 06 avril 2026 Derni\u00e8re mise \u00e0 jour : 06 avril 2026 Qu&#8217;est-ce qu&#8217;un biscuit ? La pr\u00e9sente politique en mati\u00e8re de cookies explique ce que sont les cookies, comment nous les utilisons, les types de cookies que nous utilisons (par exemple, les informations que nous recueillons lors de l&#8217;utilisation de cookies et la mani\u00e8re dont ces informations sont utilis\u00e9es) et comment g\u00e9rer vos param\u00e8tres en mati\u00e8re de cookies. Les cookies sont de petits fichiers texte utilis\u00e9s pour stocker certains \u00e9l\u00e9ments d&#8217;information. Ils sont stock\u00e9s sur votre appareil lorsqu&#8217;un site web est charg\u00e9 dans votre navigateur. Ces cookies permettent de garantir le bon fonctionnement du site web, de renforcer la s\u00e9curit\u00e9, d&#8217;offrir une meilleure exp\u00e9rience \u00e0 l&#8217;utilisateur et d&#8217;analyser les performances afin d&#8217;identifier ce qui fonctionne bien et ce qui doit \u00eatre am\u00e9lior\u00e9. Comment utilisons-nous les cookies ? Comme la plupart des services en ligne, notre site web utilise des cookies de premi\u00e8re partie et des cookies de tierce partie \u00e0 diverses fins. Les cookies de premi\u00e8re partie sont essentiellement n\u00e9cessaires au bon fonctionnement du site web ; ils ne collectent aucune donn\u00e9e personnelle identifiable. Les cookies tiers utilis\u00e9s sur notre site web nous aident principalement \u00e0 comprendre comment notre site web r\u00e9agit, \u00e0 suivre la fa\u00e7on dont vous interagissez avec lui, \u00e0 prot\u00e9ger nos services, \u00e0 fournir des publicit\u00e9s pertinentes et \u00e0 am\u00e9liorer votre exp\u00e9rience utilisateur globale, tout en optimisant la vitesse de vos interactions ult\u00e9rieures sur notre site web. Types de cookies que nous utilisons G\u00e9rer les pr\u00e9f\u00e9rences en mati\u00e8re de cookies Pr\u00e9f\u00e9rences en mati\u00e8re de consentement Vous pouvez modifier vos param\u00e8tres en mati\u00e8re de cookies \u00e0 tout moment en cliquant sur le bouton &#8220;Consent Preferences&#8221; (pr\u00e9f\u00e9rences en mati\u00e8re de consentement) en haut de la page. Cela vous permettra de revenir sur la banni\u00e8re de consentement aux cookies et de mettre \u00e0 jour vos pr\u00e9f\u00e9rences ou de retirer votre consentement imm\u00e9diatement. Les diff\u00e9rents navigateurs proposent \u00e9galement diverses m\u00e9thodes pour bloquer et supprimer les cookies utilis\u00e9s par les sites web. Vous pouvez modifier les param\u00e8tres de votre navigateur pour bloquer ou supprimer les cookies. Vous trouverez ci-dessous des liens vers des documents d&#8217;aide sur la gestion et la suppression des cookies dans les principaux navigateurs web. Chrome : https:\/\/support.google.com\/accounts\/answer\/32050 Safari : https:\/\/support.apple.com\/en-in\/guide\/safari\/sfri11471\/mac Firefox : https:\/\/support.mozilla.org\/en-US\/kb\/clear-cookies-and-site-data-firefox?redirectslug=delete-cookies-remove-info-websites-stored&amp;redirectlocale=en-US Internet Explorer : https:\/\/support.microsoft.com\/en-us\/topic\/how-to-delete-cookie-files-in-internet-explorer-bca9446f-d873-78de-77ba-d42645fa52fc Si vous utilisez un autre navigateur web, veuillez consulter la documentation d&#8217;aide officielle de ce navigateur. CookieYes a cr\u00e9\u00e9 cette politique de cookies &#8211; g\u00e9n\u00e9rateur de politique de cookies","og_url":"https:\/\/naturislab.com\/fr\/politique-en-matiere-de-cookies\/","og_site_name":"Naturis Lab","article_modified_time":"2026-04-06T10:39:42+00:00","og_image":[{"width":2000,"height":870,"url":"https:\/\/naturislab.com\/wp-content\/uploads\/2025\/06\/home.png","type":"image\/png"}],"twitter_card":"summary_large_image","twitter_misc":{"Dur\u00e9e de lecture estim\u00e9e":"2 minutes"},"schema":{"@context":"https:\/\/schema.org","@graph":[{"@type":"WebPage","@id":"https:\/\/naturislab.com\/fr\/politique-en-matiere-de-cookies\/","url":"https:\/\/naturislab.com\/fr\/politique-en-matiere-de-cookies\/","name":"Politique en mati\u00e8re de cookies | Naturis Lab","isPartOf":{"@id":"https:\/\/naturislab.com\/fr\/#website"},"datePublished":"2026-04-06T10:08:30+00:00","dateModified":"2026-04-06T10:39:42+00:00","breadcrumb":{"@id":"https:\/\/naturislab.com\/fr\/politique-en-matiere-de-cookies\/#breadcrumb"},"inLanguage":"fr-FR","potentialAction":[{"@type":"ReadAction","target":["https:\/\/naturislab.com\/fr\/politique-en-matiere-de-cookies\/"]}]},{"@type":"BreadcrumbList","@id":"https:\/\/naturislab.com\/fr\/politique-en-matiere-de-cookies\/#breadcrumb","itemListElement":[{"@type":"ListItem","position":1,"name":"Portada","item":"https:\/\/naturislab.com\/fr\/accueil\/"},{"@type":"ListItem","position":2,"name":"Politique en mati\u00e8re de cookies"}]},{"@type":"WebSite","@id":"https:\/\/naturislab.com\/fr\/#website","url":"https:\/\/naturislab.com\/fr\/","name":"Naturis Lab","description":"","publisher":{"@id":"https:\/\/naturislab.com\/fr\/#organization"},"potentialAction":[{"@type":"SearchAction","target":{"@type":"EntryPoint","urlTemplate":"https:\/\/naturislab.com\/fr\/?s={search_term_string}"},"query-input":{"@type":"PropertyValueSpecification","valueRequired":true,"valueName":"search_term_string"}}],"inLanguage":"fr-FR"},{"@type":"Organization","@id":"https:\/\/naturislab.com\/fr\/#organization","name":"Laboratoire Naturis","url":"https:\/\/naturislab.com\/fr\/","logo":{"@type":"ImageObject","inLanguage":"fr-FR","@id":"https:\/\/naturislab.com\/fr\/#\/schema\/logo\/image\/","url":"https:\/\/naturislab.com\/wp-content\/uploads\/2025\/05\/logo-naturis-lab.png","contentUrl":"https:\/\/naturislab.com\/wp-content\/uploads\/2025\/05\/logo-naturis-lab.png","width":166,"height":221,"caption":"Laboratoire Naturis"},"image":{"@id":"https:\/\/naturislab.com\/fr\/#\/schema\/logo\/image\/"}}]}},"_links":{"self":[{"href":"https:\/\/naturislab.com\/fr\/wp-json\/wp\/v2\/pages\/3174","targetHints":{"allow":["GET"]}}],"collection":[{"href":"https:\/\/naturislab.com\/fr\/wp-json\/wp\/v2\/pages"}],"about":[{"href":"https:\/\/naturislab.com\/fr\/wp-json\/wp\/v2\/types\/page"}],"author":[{"embeddable":true,"href":"https:\/\/naturislab.com\/fr\/wp-json\/wp\/v2\/users\/1"}],"replies":[{"embeddable":true,"href":"https:\/\/naturislab.com\/fr\/wp-json\/wp\/v2\/comments?post=3174"}],"version-history":[{"count":7,"href":"https:\/\/naturislab.com\/fr\/wp-json\/wp\/v2\/pages\/3174\/revisions"}],"predecessor-version":[{"id":3279,"href":"https:\/\/naturislab.com\/fr\/wp-json\/wp\/v2\/pages\/3174\/revisions\/3279"}],"wp:attachment":[{"href":"https:\/\/naturislab.com\/fr\/wp-json\/wp\/v2\/media?parent=3174"}],"curies":[{"name":"wp","href":"https:\/\/api.w.org\/{rel}","templated":true}]}}